{"id":298,"date":"2021-05-18T14:40:39","date_gmt":"2021-05-18T12:40:39","guid":{"rendered":"https:\/\/www.drinkvibes.ch\/?page_id=298"},"modified":"2022-04-14T13:03:41","modified_gmt":"2022-04-14T11:03:41","slug":"contact","status":"publish","type":"page","link":"https:\/\/www.drinkvibes.ch\/fr\/contact\/","title":{"rendered":"Contact"},"content":{"rendered":"\n<div class=\"grid-container\"><div class=\"wp-block-group is-style-boxed is-layout-flow wp-block-group-is-layout-flow\"><div class=\"wp-block-group__inner-container\">\n<h1 class=\"wp-block-heading\">Contact<\/h1>\n\n\n\n<h2 class=\"wp-block-heading\">Get in Touch<\/h2>\n\n\n\n<p>Tu ne te lasses pas de VIBES? Tu souhaites que VIBES figure sur ta carte des boissons? Tu as des questions, des commentaires ou des suggestions? Alors nous nous r\u00e9jouissons de ton contact.<\/p>\n<\/div><\/div><div class=\"ghostkit-grid ghostkit-grid-gap-md ghostkit-grid-justify-content-between\"><div class=\"ghostkit-grid-inner\">\n<div class=\"ghostkit-col ghostkit-col-md-12 ghostkit-col-7 is-style-border\"><div class=\"ghostkit-col-content is-layout-flow wp-block-grid-column-is-layout-flow\"><script type=\"text\/javascript\">var gform;gform||(document.addEventListener(\"gform_main_scripts_loaded\",function(){gform.scriptsLoaded=!0}),window.addEventListener(\"DOMContentLoaded\",function(){gform.domLoaded=!0}),gform={domLoaded:!1,scriptsLoaded:!1,initializeOnLoaded:function(o){gform.domLoaded&&gform.scriptsLoaded?o():!gform.domLoaded&&gform.scriptsLoaded?window.addEventListener(\"DOMContentLoaded\",o):document.addEventListener(\"gform_main_scripts_loaded\",o)},hooks:{action:{},filter:{}},addAction:function(o,n,r,t){gform.addHook(\"action\",o,n,r,t)},addFilter:function(o,n,r,t){gform.addHook(\"filter\",o,n,r,t)},doAction:function(o){gform.doHook(\"action\",o,arguments)},applyFilters:function(o){return gform.doHook(\"filter\",o,arguments)},removeAction:function(o,n){gform.removeHook(\"action\",o,n)},removeFilter:function(o,n,r){gform.removeHook(\"filter\",o,n,r)},addHook:function(o,n,r,t,i){null==gform.hooks[o][n]&&(gform.hooks[o][n]=[]);var e=gform.hooks[o][n];null==i&&(i=n+\"_\"+e.length),gform.hooks[o][n].push({tag:i,callable:r,priority:t=null==t?10:t})},doHook:function(n,o,r){var t;if(r=Array.prototype.slice.call(r,1),null!=gform.hooks[n][o]&&((o=gform.hooks[n][o]).sort(function(o,n){return o.priority-n.priority}),o.forEach(function(o){\"function\"!=typeof(t=o.callable)&&(t=window[t]),\"action\"==n?t.apply(null,r):r[0]=t.apply(null,r)})),\"filter\"==n)return r[0]},removeHook:function(o,n,t,i){var r;null!=gform.hooks[o][n]&&(r=(r=gform.hooks[o][n]).filter(function(o,n,r){return!!(null!=i&&i!=o.tag||null!=t&&t!=o.priority)}),gform.hooks[o][n]=r)}});<\/script>\n                <div class=\"gf_browser_gecko gform_wrapper gravity-theme gform-theme--no-framework\" data-form-theme=\"gravity-theme\" data-form-index=\"0\" id=\"gform_wrapper_2\"><div id=\"gf_2\" class=\"gform_anchor\" tabindex=\"-1\"><\/div>\n                        <div class=\"gform_heading\">\n\t\t\t\t\t\t\t<p class=\"gform_required_legend\">\u00ab&nbsp;<span class=\"gfield_required gfield_required_asterisk\">*<\/span>&nbsp;\u00bb indique les champs n\u00e9cessaires<\/p>\n                        <\/div><form method=\"post\" enctype=\"multipart\/form-data\" target=\"gform_ajax_frame_2\" id=\"gform_2\" action=\"\/fr\/wp-json\/wp\/v2\/pages\/298\/#gf_2\" data-formid=\"2\" novalidate><div class=\"gf_invisible ginput_recaptchav3\" data-sitekey=\"6LfpwqMqAAAAAEhY0XJUYpADl7_rcLXRjcPsQOrZ\" data-tabindex=\"0\"><input id=\"input_eb9e6b8e87b4620ae0ba879e0d28e4c2\" class=\"gfield_recaptcha_response\" type=\"hidden\" name=\"input_eb9e6b8e87b4620ae0ba879e0d28e4c2\" value=\"\"><\/div>\n                        <div class=\"gform-body gform_body\"><div id=\"gform_fields_2\" class=\"gform_fields top_label form_sublabel_below description_below\"><fieldset id=\"field_2_1\" class=\"gfield gfield--type-radio gfield--type-choice gfield_contains_required field_sublabel_below gfield--no-description field_description_below hidden_label gfield_visibility_visible\" data-js-reload=\"field_2_1\"><legend class=\"gfield_label gform-field-label\">Anrede<span class=\"gfield_required\"><span class=\"gfield_required gfield_required_asterisk\">*<\/span><\/span><\/legend><div class=\"ginput_container ginput_container_radio\"><div class=\"gfield_radio\" id=\"input_2_1\">\n\t\t\t<div class=\"gchoice gchoice_2_1_0\">\n\t\t\t\t\t<input class=\"gfield-choice-input\" name=\"input_1\" type=\"radio\" value=\"Frau\" id=\"choice_2_1_0\" onchange=\"gformToggleRadioOther( this )\">\n\t\t\t\t\t<label for=\"choice_2_1_0\" id=\"label_2_1_0\" class=\"gform-field-label gform-field-label--type-inline\">Femme<\/label>\n\t\t\t<\/div>\n\t\t\t<div class=\"gchoice gchoice_2_1_1\">\n\t\t\t\t\t<input class=\"gfield-choice-input\" name=\"input_1\" type=\"radio\" value=\"Herr\" id=\"choice_2_1_1\" onchange=\"gformToggleRadioOther( this )\">\n\t\t\t\t\t<label for=\"choice_2_1_1\" id=\"label_2_1_1\" class=\"gform-field-label gform-field-label--type-inline\">Herr<\/label>\n\t\t\t<\/div>\n\t\t\t<div class=\"gchoice gchoice_2_1_2\">\n\t\t\t\t\t<input class=\"gfield-choice-input\" name=\"input_1\" type=\"radio\" value=\"Divers\" id=\"choice_2_1_2\" onchange=\"gformToggleRadioOther( this )\">\n\t\t\t\t\t<label for=\"choice_2_1_2\" id=\"label_2_1_2\" class=\"gform-field-label gform-field-label--type-inline\">Divers<\/label>\n\t\t\t<\/div><\/div><\/div><\/fieldset><div id=\"field_2_2\" class=\"gfield gfield--type-text gfield--width-half gfield_contains_required field_sublabel_below gfield--no-description field_description_below gfield_visibility_visible\" data-js-reload=\"field_2_2\"><label class=\"gfield_label gform-field-label\" for=\"input_2_2\">Pr\u00e9nom<span class=\"gfield_required\"><span class=\"gfield_required gfield_required_asterisk\">*<\/span><\/span><\/label><div class=\"ginput_container ginput_container_text\"><input name=\"input_2\" id=\"input_2_2\" type=\"text\" value=\"\" class=\"large\" aria-required=\"true\" aria-invalid=\"false\"> <\/div><\/div><div id=\"field_2_3\" class=\"gfield gfield--type-text gfield--width-half gfield_contains_required field_sublabel_below gfield--no-description field_description_below gfield_visibility_visible\" data-js-reload=\"field_2_3\"><label class=\"gfield_label gform-field-label\" for=\"input_2_3\">Nom<span class=\"gfield_required\"><span class=\"gfield_required gfield_required_asterisk\">*<\/span><\/span><\/label><div class=\"ginput_container ginput_container_text\"><input name=\"input_3\" id=\"input_2_3\" type=\"text\" value=\"\" class=\"large\" aria-required=\"true\" aria-invalid=\"false\"> <\/div><\/div><div id=\"field_2_4\" class=\"gfield gfield--type-email gfield--width-half gfield_contains_required field_sublabel_below gfield--no-description field_description_below gfield_visibility_visible\" data-js-reload=\"field_2_4\"><label class=\"gfield_label gform-field-label\" for=\"input_2_4\">E-mail<span class=\"gfield_required\"><span class=\"gfield_required gfield_required_asterisk\">*<\/span><\/span><\/label><div class=\"ginput_container ginput_container_email\">\n                            <input name=\"input_4\" id=\"input_2_4\" type=\"email\" value=\"\" class=\"large\" aria-required=\"true\" aria-invalid=\"false\">\n                        <\/div><\/div><div id=\"field_2_6\" class=\"gfield gfield--type-phone gfield--width-half field_sublabel_below gfield--no-description field_description_below gfield_visibility_visible\" data-js-reload=\"field_2_6\"><label class=\"gfield_label gform-field-label\" for=\"input_2_6\">T\u00e9l\u00e9phone<\/label><div class=\"ginput_container ginput_container_phone\"><input name=\"input_6\" id=\"input_2_6\" type=\"tel\" value=\"\" class=\"large\" aria-invalid=\"false\"><\/div><\/div><div id=\"field_2_7\" class=\"gfield gfield--type-textarea gfield_contains_required field_sublabel_below gfield--no-description field_description_below gfield_visibility_visible\" data-js-reload=\"field_2_7\"><label class=\"gfield_label gform-field-label\" for=\"input_2_7\">Message<span class=\"gfield_required\"><span class=\"gfield_required gfield_required_asterisk\">*<\/span><\/span><\/label><div class=\"ginput_container ginput_container_textarea\"><textarea name=\"input_7\" id=\"input_2_7\" class=\"textarea medium\" aria-required=\"true\" aria-invalid=\"false\" rows=\"10\" cols=\"50\"><\/textarea><\/div><\/div><fieldset id=\"field_2_5\" class=\"gfield gfield--type-consent gfield--type-choice gfield--input-type-consent gfield_contains_required field_sublabel_below gfield--no-description field_description_below hidden_label gfield_visibility_visible\" data-js-reload=\"field_2_5\"><legend class=\"gfield_label gform-field-label gfield_label_before_complex\">Consentement<span class=\"gfield_required\"><span class=\"gfield_required gfield_required_asterisk\">*<\/span><\/span><\/legend><div class=\"ginput_container ginput_container_consent\"><input name=\"input_5.1\" id=\"input_2_5_1\" type=\"checkbox\" value=\"1\" aria-required=\"true\" aria-invalid=\"false\"> <label class=\"gform-field-label gform-field-label--type-inline gfield_consent_label\" for=\"input_2_5_1\">Je confirme par la pr\u00e9sente avoir lu, compris et accept\u00e9 les informations relatives \u00e0 la <a href=\"https:\/\/www.drinkvibes.ch\/fr\/protection-des-donnees\/\" target=\"_blank\">protection des donn\u00e9es<\/a>.<span class=\"gfield_required gfield_required_asterisk\">*<\/span><\/label><input type=\"hidden\" name=\"input_5.2\" value=\"Je confirme par la pr\u00e9sente avoir lu, compris et accept\u00e9 les informations relatives \u00e0 la <a href=&quot;https:\/\/www.drinkvibes.ch\/fr\/protection-des-donnees\/&quot; target=&quot;_blank&quot;>protection des donn\u00e9es<\/a>.\" class=\"gform_hidden\"><input type=\"hidden\" name=\"input_5.3\" value=\"2\" class=\"gform_hidden\"><\/div><\/fieldset><fieldset id=\"field_2_8\" class=\"gfield gfield--type-consent gfield--type-choice gfield--input-type-consent gfield--width-full field_sublabel_below gfield--no-description field_description_below hidden_label gfield_visibility_visible\" data-js-reload=\"field_2_8\"><legend class=\"gfield_label gform-field-label gfield_label_before_complex\">Consent Newsletter<\/legend><div class=\"ginput_container ginput_container_consent\"><input name=\"input_8.1\" id=\"input_2_8_1\" type=\"checkbox\" value=\"1\" aria-invalid=\"false\"> <label class=\"gform-field-label gform-field-label--type-inline gfield_consent_label\" for=\"input_2_8_1\">Je souhaite m\u2019inscrire \u00e0 la newsletter VIBES.<\/label><input type=\"hidden\" name=\"input_8.2\" value=\"Je souhaite m'inscrire \u00e0 la newsletter VIBES.\" class=\"gform_hidden\"><input type=\"hidden\" name=\"input_8.3\" value=\"2\" class=\"gform_hidden\"><\/div><\/fieldset><div id=\"field_2_9\" class=\"gfield gfield--type-hidden gfield--width-full gform_hidden field_sublabel_below gfield--no-description field_description_below gfield_visibility_visible\" data-js-reload=\"field_2_9\"><div class=\"ginput_container ginput_container_text\"><input name=\"input_9\" id=\"input_2_9\" type=\"hidden\" class=\"gform_hidden\" aria-invalid=\"false\" value=\"fr\"><\/div><\/div><div id=\"field_2_10\" class=\"gfield gfield--type-honeypot gform_validation_container field_sublabel_below gfield--has-description field_description_below gfield_visibility_visible\" data-js-reload=\"field_2_10\"><label class=\"gfield_label gform-field-label\" for=\"input_2_10\">Name<\/label><div class=\"ginput_container\"><input name=\"input_10\" id=\"input_2_10\" type=\"text\" value=\"\" autocomplete=\"new-password\"><\/div><div class=\"gfield_description\" id=\"gfield_description_2_10\">Ce champ n\u2019est utilis\u00e9 qu\u2019\u00e0 des fins de validation et devrait rester inchang\u00e9.<\/div><\/div><\/div><\/div>\n        <div class=\"gform_footer top_label\"> <input type=\"submit\" id=\"gform_submit_button_2\" class=\"gform_button button\" value=\"Envoyer\" onclick=\"if(window[&quot;gf_submitting_2&quot;]){return false;}  if( !jQuery(&quot;#gform_2&quot;)[0].checkValidity || jQuery(&quot;#gform_2&quot;)[0].checkValidity()){window[&quot;gf_submitting_2&quot;]=true;}  \" onkeypress=\"if( event.keyCode == 13 ){ if(window[&quot;gf_submitting_2&quot;]){return false;} if( !jQuery(&quot;#gform_2&quot;)[0].checkValidity || jQuery(&quot;#gform_2&quot;)[0].checkValidity()){window[&quot;gf_submitting_2&quot;]=true;}  jQuery(&quot;#gform_2&quot;).trigger(&quot;submit&quot;,[true]); }\"> <input type=\"hidden\" name=\"gform_ajax\" value=\"form_id=2&amp;title=&amp;description=&amp;tabindex=0\">\n            <input type=\"hidden\" class=\"gform_hidden\" name=\"is_submit_2\" value=\"1\">\n            <input type=\"hidden\" class=\"gform_hidden\" name=\"gform_submit\" value=\"2\">\n            \n            <input type=\"hidden\" class=\"gform_hidden\" name=\"gform_unique_id\" value=\"\">\n            <input type=\"hidden\" class=\"gform_hidden\" name=\"state_2\" value=\"WyJ7XCI1LjFcIjpcIjI3YTFlN2ZlNWViZDI0MTRjODcwODU3Nzk5MGJiNDk1XCIsXCI1LjJcIjpcIjliNGUwZjlmZTE0MDM0NWM2NGU2Y2Y5ZDE3YTgyYWE5XCIsXCI1LjNcIjpcImVlZDUxZjYxMDliZDJmZGZlNDlmMDc4YWFhZjc1Yzg5XCIsXCI4LjFcIjpcIjI3YTFlN2ZlNWViZDI0MTRjODcwODU3Nzk5MGJiNDk1XCIsXCI4LjJcIjpcImM1MTM1YzcxNjBkN2Q1MzViODZhNWFiMWJjMDA2OGRiXCIsXCI4LjNcIjpcImVlZDUxZjYxMDliZDJmZGZlNDlmMDc4YWFhZjc1Yzg5XCJ9IiwiOWQ3OWQxZmM4MDdjNGRjNjQxZTllNGE0ZGFhYzQwNzgiXQ==\">\n            <input type=\"hidden\" class=\"gform_hidden\" name=\"gform_target_page_number_2\" id=\"gform_target_page_number_2\" value=\"0\">\n            <input type=\"hidden\" class=\"gform_hidden\" name=\"gform_source_page_number_2\" id=\"gform_source_page_number_2\" value=\"1\">\n            <input type=\"hidden\" name=\"gform_field_values\" value=\"\">\n            \n        <\/div>\n                        <\/form>\n                        <\/div>\n\t\t                <iframe style=\"display:none;width:0px;height:0px;\" src=\"about:blank\" name=\"gform_ajax_frame_2\" id=\"gform_ajax_frame_2\" title=\"Cette iframe contient la logique n\u00e9cessaire pour manipuler Gravity Forms avec Ajax.\"><\/iframe>\n\t\t                <script type=\"text\/javascript\">\ngform.initializeOnLoaded( function() {gformInitSpinner( 2, 'https:\/\/www.drinkvibes.ch\/wp-content\/themes\/vibes\/assets\/src\/images\/loader.svg', true );jQuery('#gform_ajax_frame_2').on('load',function(){var contents = jQuery(this).contents().find('*').html();var is_postback = contents.indexOf('GF_AJAX_POSTBACK') >= 0;if(!is_postback){return;}var form_content = jQuery(this).contents().find('#gform_wrapper_2');var is_confirmation = jQuery(this).contents().find('#gform_confirmation_wrapper_2').length > 0;var is_redirect = contents.indexOf('gformRedirect(){') >= 0;var is_form = form_content.length > 0 && ! is_redirect && ! is_confirmation;var mt = parseInt(jQuery('html').css('margin-top'), 10) + parseInt(jQuery('body').css('margin-top'), 10) + 100;if(is_form){jQuery('#gform_wrapper_2').html(form_content.html());if(form_content.hasClass('gform_validation_error')){jQuery('#gform_wrapper_2').addClass('gform_validation_error');} else {jQuery('#gform_wrapper_2').removeClass('gform_validation_error');}setTimeout( function() { \/* delay the scroll by 50 milliseconds to fix a bug in chrome *\/ jQuery(document).scrollTop(jQuery('#gform_wrapper_2').offset().top - mt); }, 50 );if(window['gformInitDatepicker']) {gformInitDatepicker();}if(window['gformInitPriceFields']) {gformInitPriceFields();}var current_page = jQuery('#gform_source_page_number_2').val();gformInitSpinner( 2, 'https:\/\/www.drinkvibes.ch\/wp-content\/themes\/vibes\/assets\/src\/images\/loader.svg', true );jQuery(document).trigger('gform_page_loaded', [2, current_page]);window['gf_submitting_2'] = false;}else if(!is_redirect){var confirmation_content = jQuery(this).contents().find('.GF_AJAX_POSTBACK').html();if(!confirmation_content){confirmation_content = contents;}setTimeout(function(){jQuery('#gform_wrapper_2').replaceWith(confirmation_content);jQuery(document).scrollTop(jQuery('#gf_2').offset().top - mt);jQuery(document).trigger('gform_confirmation_loaded', [2]);window['gf_submitting_2'] = false;wp.a11y.speak(jQuery('#gform_confirmation_message_2').text());}, 50);}else{jQuery('#gform_2').append(contents);if(window['gformRedirect']) {gformRedirect();}}jQuery(document).trigger('gform_post_render', [2, current_page]);gform.utils.trigger({ event: 'gform\/postRender', native: false, data: { formId: 2, currentPage: current_page } });} );} );\n<\/script>\n<\/div><\/div>\n\n\n\n<div class=\"ghostkit-col ghostkit-col-md-12 ghostkit-col-4\"><div class=\"ghostkit-col-content is-layout-flow wp-block-grid-column-is-layout-flow\">\n<h2 class=\"wp-block-heading\">Si\u00e8ge<\/h2>\n\n\n\n<p>VIBES Hard Seltzer<br>Merkurstrasse 1<br>6210 Sursee<br>Schweiz<\/p>\n\n\n\n<p><a href=\"tel:+41584344400\">+41 58 434 44 00<\/a><\/p>\n<\/div><\/div>\n<\/div><\/div><\/div>\n\n\n\n\n\n\n\n<div class=\"wp-block-cover alignfull is-light has-parallax ghostkit-custom-ZtXNKE\" style=\"background-image:url(https:\/\/www.drinkvibes.ch\/wp-content\/uploads\/elevate-xtianzgte50-unsplash_raspberry.jpg);min-height:720px\"><span aria-hidden=\"true\" class=\"has-background-dim-0 wp-block-cover__gradient-background has-background-dim\"><\/span><div class=\"wp-block-cover__inner-container is-layout-flow wp-block-cover-is-layout-flow\">\n<p class=\"has-text-align-center has-large-font-size\"><\/p>\n<\/div><\/div>\n","protected":false},"excerpt":{"rendered":"<p>ContactGet in TouchTu ne te lasses pas de VIBES? Tu souhaites que VIBES figure sur ta carte des boissons? Tu as des questions, des commentaires ou des suggestions? Alors nous nous r\u00e9jouissons de ton contact.<\/p>\n","protected":false},"author":1,"featured_media":0,"parent":0,"menu_order":0,"comment_status":"closed","ping_status":"closed","template":"","meta":{"ghostkit_customizer_options":"","ghostkit_custom_css":"","ghostkit_custom_js_head":"","ghostkit_custom_js_foot":"","ghostkit_typography":"","footnotes":""},"acf":[],"yoast_head":"<!-- This site is optimized with the Yoast SEO plugin v21.3 - https:\/\/yoast.com\/wordpress\/plugins\/seo\/ -->\n<title>Contact - Vibes<\/title>\n<meta name=\"description\" content=\"Des questions ou des suggestions? N\u2019h\u00e9site pas \u00e0 nous contacter!\" \/>\n<meta name=\"robots\" content=\"index, follow, max-snippet:-1, max-image-preview:large, max-video-preview:-1\" \/>\n<link rel=\"canonical\" href=\"https:\/\/www.drinkvibes.ch\/fr\/contact\/\" \/>\n<meta property=\"og:locale\" content=\"fr_FR\" \/>\n<meta property=\"og:type\" content=\"article\" \/>\n<meta property=\"og:title\" content=\"Contact - Vibes\" \/>\n<meta property=\"og:description\" content=\"Des questions ou des suggestions? N\u2019h\u00e9site pas \u00e0 nous contacter!\" \/>\n<meta property=\"og:url\" content=\"https:\/\/www.drinkvibes.ch\/fr\/contact\/\" \/>\n<meta property=\"og:site_name\" content=\"Vibes\" \/>\n<meta property=\"article:modified_time\" content=\"2022-04-14T11:03:41+00:00\" \/>\n<meta name=\"twitter:card\" content=\"summary_large_image\" \/>\n<meta name=\"twitter:label1\" content=\"Dur\u00e9e de lecture estim\u00e9e\" \/>\n\t<meta name=\"twitter:data1\" content=\"1 minute\" \/>\n<script type=\"application\/ld+json\" class=\"yoast-schema-graph\">{\"@context\":\"https:\/\/schema.org\",\"@graph\":[{\"@type\":\"WebPage\",\"@id\":\"https:\/\/www.drinkvibes.ch\/fr\/contact\/\",\"url\":\"https:\/\/www.drinkvibes.ch\/fr\/contact\/\",\"name\":\"Contact - Vibes\",\"isPartOf\":{\"@id\":\"https:\/\/www.drinkvibes.ch\/fr\/#website\"},\"datePublished\":\"2021-05-18T12:40:39+00:00\",\"dateModified\":\"2022-04-14T11:03:41+00:00\",\"description\":\"Des questions ou des suggestions? N\u2019h\u00e9site pas \u00e0 nous contacter!\",\"breadcrumb\":{\"@id\":\"https:\/\/www.drinkvibes.ch\/fr\/contact\/#breadcrumb\"},\"inLanguage\":\"fr-FR\",\"potentialAction\":[{\"@type\":\"ReadAction\",\"target\":[\"https:\/\/www.drinkvibes.ch\/fr\/contact\/\"]}]},{\"@type\":\"BreadcrumbList\",\"@id\":\"https:\/\/www.drinkvibes.ch\/fr\/contact\/#breadcrumb\",\"itemListElement\":[{\"@type\":\"ListItem\",\"position\":1,\"name\":\"Home\",\"item\":\"https:\/\/www.drinkvibes.ch\/fr\/\"},{\"@type\":\"ListItem\",\"position\":2,\"name\":\"Contact\"}]},{\"@type\":\"WebSite\",\"@id\":\"https:\/\/www.drinkvibes.ch\/fr\/#website\",\"url\":\"https:\/\/www.drinkvibes.ch\/fr\/\",\"name\":\"Vibes\",\"description\":\"Swiss Natural Hard Seltzer\",\"publisher\":{\"@id\":\"https:\/\/www.drinkvibes.ch\/fr\/#organization\"},\"potentialAction\":[{\"@type\":\"SearchAction\",\"target\":{\"@type\":\"EntryPoint\",\"urlTemplate\":\"https:\/\/www.drinkvibes.ch\/fr\/?s={search_term_string}\"},\"query-input\":\"required name=search_term_string\"}],\"inLanguage\":\"fr-FR\"},{\"@type\":\"Organization\",\"@id\":\"https:\/\/www.drinkvibes.ch\/fr\/#organization\",\"name\":\"VIBES\",\"url\":\"https:\/\/www.drinkvibes.ch\/fr\/\",\"logo\":{\"@type\":\"ImageObject\",\"inLanguage\":\"fr-FR\",\"@id\":\"https:\/\/www.drinkvibes.ch\/fr\/#\/schema\/logo\/image\/\",\"url\":\"https:\/\/www.drinkvibes.ch\/wp-content\/uploads\/vibes-logo.svg\",\"contentUrl\":\"https:\/\/www.drinkvibes.ch\/wp-content\/uploads\/vibes-logo.svg\",\"caption\":\"VIBES\"},\"image\":{\"@id\":\"https:\/\/www.drinkvibes.ch\/fr\/#\/schema\/logo\/image\/\"}}]}<\/script>\n<!-- \/ Yoast SEO plugin. -->","yoast_head_json":{"title":"Contact - Vibes","description":"Des questions ou des suggestions? N\u2019h\u00e9site pas \u00e0 nous contacter!","robots":{"index":"index","follow":"follow","max-snippet":"max-snippet:-1","max-image-preview":"max-image-preview:large","max-video-preview":"max-video-preview:-1"},"canonical":"https:\/\/www.drinkvibes.ch\/fr\/contact\/","og_locale":"fr_FR","og_type":"article","og_title":"Contact - Vibes","og_description":"Des questions ou des suggestions? N\u2019h\u00e9site pas \u00e0 nous contacter!","og_url":"https:\/\/www.drinkvibes.ch\/fr\/contact\/","og_site_name":"Vibes","article_modified_time":"2022-04-14T11:03:41+00:00","twitter_card":"summary_large_image","twitter_misc":{"Dur\u00e9e de lecture estim\u00e9e":"1 minute"},"schema":{"@context":"https:\/\/schema.org","@graph":[{"@type":"WebPage","@id":"https:\/\/www.drinkvibes.ch\/fr\/contact\/","url":"https:\/\/www.drinkvibes.ch\/fr\/contact\/","name":"Contact - Vibes","isPartOf":{"@id":"https:\/\/www.drinkvibes.ch\/fr\/#website"},"datePublished":"2021-05-18T12:40:39+00:00","dateModified":"2022-04-14T11:03:41+00:00","description":"Des questions ou des suggestions? N\u2019h\u00e9site pas \u00e0 nous contacter!","breadcrumb":{"@id":"https:\/\/www.drinkvibes.ch\/fr\/contact\/#breadcrumb"},"inLanguage":"fr-FR","potentialAction":[{"@type":"ReadAction","target":["https:\/\/www.drinkvibes.ch\/fr\/contact\/"]}]},{"@type":"BreadcrumbList","@id":"https:\/\/www.drinkvibes.ch\/fr\/contact\/#breadcrumb","itemListElement":[{"@type":"ListItem","position":1,"name":"Home","item":"https:\/\/www.drinkvibes.ch\/fr\/"},{"@type":"ListItem","position":2,"name":"Contact"}]},{"@type":"WebSite","@id":"https:\/\/www.drinkvibes.ch\/fr\/#website","url":"https:\/\/www.drinkvibes.ch\/fr\/","name":"Vibes","description":"Swiss Natural Hard Seltzer","publisher":{"@id":"https:\/\/www.drinkvibes.ch\/fr\/#organization"},"potentialAction":[{"@type":"SearchAction","target":{"@type":"EntryPoint","urlTemplate":"https:\/\/www.drinkvibes.ch\/fr\/?s={search_term_string}"},"query-input":"required name=search_term_string"}],"inLanguage":"fr-FR"},{"@type":"Organization","@id":"https:\/\/www.drinkvibes.ch\/fr\/#organization","name":"VIBES","url":"https:\/\/www.drinkvibes.ch\/fr\/","logo":{"@type":"ImageObject","inLanguage":"fr-FR","@id":"https:\/\/www.drinkvibes.ch\/fr\/#\/schema\/logo\/image\/","url":"https:\/\/www.drinkvibes.ch\/wp-content\/uploads\/vibes-logo.svg","contentUrl":"https:\/\/www.drinkvibes.ch\/wp-content\/uploads\/vibes-logo.svg","caption":"VIBES"},"image":{"@id":"https:\/\/www.drinkvibes.ch\/fr\/#\/schema\/logo\/image\/"}}]}},"_links":{"self":[{"href":"https:\/\/www.drinkvibes.ch\/fr\/wp-json\/wp\/v2\/pages\/298"}],"collection":[{"href":"https:\/\/www.drinkvibes.ch\/fr\/wp-json\/wp\/v2\/pages"}],"about":[{"href":"https:\/\/www.drinkvibes.ch\/fr\/wp-json\/wp\/v2\/types\/page"}],"author":[{"embeddable":true,"href":"https:\/\/www.drinkvibes.ch\/fr\/wp-json\/wp\/v2\/users\/1"}],"replies":[{"embeddable":true,"href":"https:\/\/www.drinkvibes.ch\/fr\/wp-json\/wp\/v2\/comments?post=298"}],"version-history":[{"count":7,"href":"https:\/\/www.drinkvibes.ch\/fr\/wp-json\/wp\/v2\/pages\/298\/revisions"}],"predecessor-version":[{"id":440,"href":"https:\/\/www.drinkvibes.ch\/fr\/wp-json\/wp\/v2\/pages\/298\/revisions\/440"}],"wp:attachment":[{"href":"https:\/\/www.drinkvibes.ch\/fr\/wp-json\/wp\/v2\/media?parent=298"}],"curies":[{"name":"wp","href":"https:\/\/api.w.org\/{rel}","templated":true}]}}